{"id":4510,"date":"2022-12-08T22:36:02","date_gmt":"2022-12-09T03:36:02","guid":{"rendered":"https:\/\/dev.vetetnous.com\/programme-de-bourse-gabrielle-lamarre\/"},"modified":"2023-09-13T15:07:34","modified_gmt":"2023-09-13T19:07:34","slug":"gabrielle-lamarre-scholarship-program","status":"publish","type":"page","link":"https:\/\/dev.vetetnous.com\/en\/gabrielle-lamarre-scholarship-program\/","title":{"rendered":"Gabrielle Lamarre scholarship&nbsp;program"},"content":{"rendered":"<p><img decoding=\"async\" class=\"alignnone size-full wp-image-2953\" src=\"\/wp-content\/uploads\/2022\/12\/bourse-detudes-gabrielle-lamarre.png\" alt=\"Bourse d\u2019\u00e9tudes Gabrielle Lamarre\" width=\"631\" height=\"164\" srcset=\"https:\/\/dev.vetetnous.com\/wp-content\/uploads\/2022\/12\/bourse-detudes-gabrielle-lamarre.png 631w, https:\/\/dev.vetetnous.com\/wp-content\/uploads\/2022\/12\/bourse-detudes-gabrielle-lamarre-340x88.png 340w\" sizes=\"(max-width: 631px) 100vw, 631px\" \/><\/p>\n<p>We created the scholarship program <strong>in honour of Gabrielle Lamarre<\/strong>, a technician with a heart of gold who left her mark during her time at Centre V\u00e9t\u00e9rinaire Laval before losing her battle with cancer in 2018.<\/p>\n<p>After graduating from the C\u00e9gep de Sherbrooke in 2011, Gabrielle did her internship at the Centre V\u00e9t\u00e9rinaire Rive-Sud and then joined the Centre V\u00e9t\u00e9rinaire Laval team. She held the position of TSA team leader until July 2016. Appreciated by all her colleagues, Gabrielle was known for her outspokenness, her <em>joie de vivre<\/em> and her great dedication to patients.<\/p>\n<p>With this scholarship program, we want to offer our employees <strong>the opportunity to grow with us and to help them with their work-study balance<\/strong>.<\/p>\n<p>Each employee enrolled or wishing to enroll in an animal health technician program, subject to approval by the selection committee, will be awarded <strong>a scholarship for each successful session during their three years of study<\/strong>.<\/p>\n<p>Because we believe in the potential of our employees, there are no enrollment limits for the program.<\/p>\n<p>&nbsp;<\/p>\n","protected":false},"excerpt":{"rendered":"<p>We created the scholarship program in honour of Gabrielle Lamarre, a technician with a heart of gold who left her mark during her time at Centre V\u00e9t\u00e9rinaire Laval before losing her battle with cancer in 2018. After graduating from the C\u00e9gep de Sherbrooke in 2011, Gabrielle did her internship at the Centre V\u00e9t\u00e9rinaire Rive-Sud and [&hellip;]<\/p>\n","protected":false},"author":1,"featured_media":4508,"parent":0,"menu_order":0,"comment_status":"closed","ping_status":"closed","template":"normal-3-titre-plus-col-droite-inverser.php","meta":{"_acf_changed":false,"footnotes":""},"class_list":["post-4510","page","type-page","status-publish","has-post-thumbnail","hentry"],"acf":[],"yoast_head":"<!-- This site is optimized with the Yoast SEO plugin v27.2 - https:\/\/yoast.com\/product\/yoast-seo-wordpress\/ -->\n<title>Gabrielle Lamarre scholarship&nbsp;program - Vet et Nous<\/title>\n<meta name=\"robots\" content=\"noindex, nofollow, max-snippet:-1, max-image-preview:large, max-video-preview:-1\" \/>\n<meta property=\"og:locale\" content=\"en_US\" \/>\n<meta property=\"og:type\" content=\"article\" \/>\n<meta property=\"og:title\" content=\"Gabrielle Lamarre scholarship&nbsp;program - Vet et Nous\" \/>\n<meta property=\"og:description\" content=\"We created the scholarship program in honour of Gabrielle Lamarre, a technician with a heart of gold who left her mark during her time at Centre V\u00e9t\u00e9rinaire Laval before losing her battle with cancer in 2018. After graduating from the C\u00e9gep de Sherbrooke in 2011, Gabrielle did her internship at the Centre V\u00e9t\u00e9rinaire Rive-Sud and [&hellip;]\" \/>\n<meta property=\"og:url\" content=\"https:\/\/dev.vetetnous.com\/en\/gabrielle-lamarre-scholarship-program\/\" \/>\n<meta property=\"og:site_name\" content=\"Vet et Nous\" \/>\n<meta property=\"article:modified_time\" content=\"2023-09-13T19:07:34+00:00\" \/>\n<meta property=\"og:image\" content=\"https:\/\/dev.vetetnous.com\/wp-content\/uploads\/2023\/09\/bourse-gabrielle-lamarre-Vfinal.jpg\" \/>\n\t<meta property=\"og:image:width\" content=\"1600\" \/>\n\t<meta property=\"og:image:height\" content=\"513\" \/>\n\t<meta property=\"og:image:type\" content=\"image\/jpeg\" \/>\n<meta name=\"twitter:card\" content=\"summary_large_image\" \/>\n<script type=\"application\/ld+json\" class=\"yoast-schema-graph\">{\"@context\":\"https:\/\/schema.org\",\"@graph\":[{\"@type\":\"WebPage\",\"@id\":\"https:\/\/dev.vetetnous.com\/en\/gabrielle-lamarre-scholarship-program\/\",\"url\":\"https:\/\/dev.vetetnous.com\/en\/gabrielle-lamarre-scholarship-program\/\",\"name\":\"Gabrielle Lamarre scholarship&nbsp;program - Vet et Nous\",\"isPartOf\":{\"@id\":\"https:\/\/dev.vetetnous.com\/en\/#website\"},\"primaryImageOfPage\":{\"@id\":\"https:\/\/dev.vetetnous.com\/en\/gabrielle-lamarre-scholarship-program\/#primaryimage\"},\"image\":{\"@id\":\"https:\/\/dev.vetetnous.com\/en\/gabrielle-lamarre-scholarship-program\/#primaryimage\"},\"thumbnailUrl\":\"https:\/\/dev.vetetnous.com\/wp-content\/uploads\/2023\/09\/bourse-gabrielle-lamarre-Vfinal.jpg\",\"datePublished\":\"2022-12-09T03:36:02+00:00\",\"dateModified\":\"2023-09-13T19:07:34+00:00\",\"breadcrumb\":{\"@id\":\"https:\/\/dev.vetetnous.com\/en\/gabrielle-lamarre-scholarship-program\/#breadcrumb\"},\"inLanguage\":\"en-US\",\"potentialAction\":[{\"@type\":\"ReadAction\",\"target\":[\"https:\/\/dev.vetetnous.com\/en\/gabrielle-lamarre-scholarship-program\/\"]}]},{\"@type\":\"ImageObject\",\"inLanguage\":\"en-US\",\"@id\":\"https:\/\/dev.vetetnous.com\/en\/gabrielle-lamarre-scholarship-program\/#primaryimage\",\"url\":\"https:\/\/dev.vetetnous.com\/wp-content\/uploads\/2023\/09\/bourse-gabrielle-lamarre-Vfinal.jpg\",\"contentUrl\":\"https:\/\/dev.vetetnous.com\/wp-content\/uploads\/2023\/09\/bourse-gabrielle-lamarre-Vfinal.jpg\",\"width\":1600,\"height\":513,\"caption\":\"Bourse Gabrielle Lamarre\"},{\"@type\":\"BreadcrumbList\",\"@id\":\"https:\/\/dev.vetetnous.com\/en\/gabrielle-lamarre-scholarship-program\/#breadcrumb\",\"itemListElement\":[{\"@type\":\"ListItem\",\"position\":1,\"name\":\"Home\",\"item\":\"https:\/\/dev.vetetnous.com\/en\/\"},{\"@type\":\"ListItem\",\"position\":2,\"name\":\"Gabrielle Lamarre scholarship&nbsp;program\"}]},{\"@type\":\"WebSite\",\"@id\":\"https:\/\/dev.vetetnous.com\/en\/#website\",\"url\":\"https:\/\/dev.vetetnous.com\/en\/\",\"name\":\"Vet et Nous\",\"description\":\"Vet et Nous\",\"potentialAction\":[{\"@type\":\"SearchAction\",\"target\":{\"@type\":\"EntryPoint\",\"urlTemplate\":\"https:\/\/dev.vetetnous.com\/en\/?s={search_term_string}\"},\"query-input\":{\"@type\":\"PropertyValueSpecification\",\"valueRequired\":true,\"valueName\":\"search_term_string\"}}],\"inLanguage\":\"en-US\"}]}<\/script>\n<!-- \/ Yoast SEO plugin. -->","yoast_head_json":{"title":"Gabrielle Lamarre scholarship&nbsp;program - Vet et Nous","robots":{"index":"noindex","follow":"nofollow","max-snippet":"max-snippet:-1","max-image-preview":"max-image-preview:large","max-video-preview":"max-video-preview:-1"},"og_locale":"en_US","og_type":"article","og_title":"Gabrielle Lamarre scholarship&nbsp;program - Vet et Nous","og_description":"We created the scholarship program in honour of Gabrielle Lamarre, a technician with a heart of gold who left her mark during her time at Centre V\u00e9t\u00e9rinaire Laval before losing her battle with cancer in 2018. After graduating from the C\u00e9gep de Sherbrooke in 2011, Gabrielle did her internship at the Centre V\u00e9t\u00e9rinaire Rive-Sud and [&hellip;]","og_url":"https:\/\/dev.vetetnous.com\/en\/gabrielle-lamarre-scholarship-program\/","og_site_name":"Vet et Nous","article_modified_time":"2023-09-13T19:07:34+00:00","og_image":[{"width":1600,"height":513,"url":"https:\/\/dev.vetetnous.com\/wp-content\/uploads\/2023\/09\/bourse-gabrielle-lamarre-Vfinal.jpg","type":"image\/jpeg"}],"twitter_card":"summary_large_image","schema":{"@context":"https:\/\/schema.org","@graph":[{"@type":"WebPage","@id":"https:\/\/dev.vetetnous.com\/en\/gabrielle-lamarre-scholarship-program\/","url":"https:\/\/dev.vetetnous.com\/en\/gabrielle-lamarre-scholarship-program\/","name":"Gabrielle Lamarre scholarship&nbsp;program - Vet et Nous","isPartOf":{"@id":"https:\/\/dev.vetetnous.com\/en\/#website"},"primaryImageOfPage":{"@id":"https:\/\/dev.vetetnous.com\/en\/gabrielle-lamarre-scholarship-program\/#primaryimage"},"image":{"@id":"https:\/\/dev.vetetnous.com\/en\/gabrielle-lamarre-scholarship-program\/#primaryimage"},"thumbnailUrl":"https:\/\/dev.vetetnous.com\/wp-content\/uploads\/2023\/09\/bourse-gabrielle-lamarre-Vfinal.jpg","datePublished":"2022-12-09T03:36:02+00:00","dateModified":"2023-09-13T19:07:34+00:00","breadcrumb":{"@id":"https:\/\/dev.vetetnous.com\/en\/gabrielle-lamarre-scholarship-program\/#breadcrumb"},"inLanguage":"en-US","potentialAction":[{"@type":"ReadAction","target":["https:\/\/dev.vetetnous.com\/en\/gabrielle-lamarre-scholarship-program\/"]}]},{"@type":"ImageObject","inLanguage":"en-US","@id":"https:\/\/dev.vetetnous.com\/en\/gabrielle-lamarre-scholarship-program\/#primaryimage","url":"https:\/\/dev.vetetnous.com\/wp-content\/uploads\/2023\/09\/bourse-gabrielle-lamarre-Vfinal.jpg","contentUrl":"https:\/\/dev.vetetnous.com\/wp-content\/uploads\/2023\/09\/bourse-gabrielle-lamarre-Vfinal.jpg","width":1600,"height":513,"caption":"Bourse Gabrielle Lamarre"},{"@type":"BreadcrumbList","@id":"https:\/\/dev.vetetnous.com\/en\/gabrielle-lamarre-scholarship-program\/#breadcrumb","itemListElement":[{"@type":"ListItem","position":1,"name":"Home","item":"https:\/\/dev.vetetnous.com\/en\/"},{"@type":"ListItem","position":2,"name":"Gabrielle Lamarre scholarship&nbsp;program"}]},{"@type":"WebSite","@id":"https:\/\/dev.vetetnous.com\/en\/#website","url":"https:\/\/dev.vetetnous.com\/en\/","name":"Vet et Nous","description":"Vet et Nous","potentialAction":[{"@type":"SearchAction","target":{"@type":"EntryPoint","urlTemplate":"https:\/\/dev.vetetnous.com\/en\/?s={search_term_string}"},"query-input":{"@type":"PropertyValueSpecification","valueRequired":true,"valueName":"search_term_string"}}],"inLanguage":"en-US"}]}},"publishpress_future_workflow_manual_trigger":{"enabledWorkflows":[]},"_links":{"self":[{"href":"https:\/\/dev.vetetnous.com\/en\/wp-json\/wp\/v2\/pages\/4510","targetHints":{"allow":["GET"]}}],"collection":[{"href":"https:\/\/dev.vetetnous.com\/en\/wp-json\/wp\/v2\/pages"}],"about":[{"href":"https:\/\/dev.vetetnous.com\/en\/wp-json\/wp\/v2\/types\/page"}],"author":[{"embeddable":true,"href":"https:\/\/dev.vetetnous.com\/en\/wp-json\/wp\/v2\/users\/1"}],"replies":[{"embeddable":true,"href":"https:\/\/dev.vetetnous.com\/en\/wp-json\/wp\/v2\/comments?post=4510"}],"version-history":[{"count":3,"href":"https:\/\/dev.vetetnous.com\/en\/wp-json\/wp\/v2\/pages\/4510\/revisions"}],"predecessor-version":[{"id":4513,"href":"https:\/\/dev.vetetnous.com\/en\/wp-json\/wp\/v2\/pages\/4510\/revisions\/4513"}],"wp:featuredmedia":[{"embeddable":true,"href":"https:\/\/dev.vetetnous.com\/en\/wp-json\/wp\/v2\/media\/4508"}],"wp:attachment":[{"href":"https:\/\/dev.vetetnous.com\/en\/wp-json\/wp\/v2\/media?parent=4510"}],"curies":[{"name":"wp","href":"https:\/\/api.w.org\/{rel}","templated":true}]}}